{"id":2266,"date":"2021-09-03T14:42:21","date_gmt":"2021-09-03T12:42:21","guid":{"rendered":"https:\/\/www.ipsumtek.com\/distributeur\/"},"modified":"2024-10-18T17:22:12","modified_gmt":"2024-10-18T15:22:12","slug":"distributeur","status":"publish","type":"page","link":"https:\/\/www.ipsumtek.com\/fr\/distributeur\/","title":{"rendered":"DISTRIBUTEUR"},"content":{"rendered":"\t\t<div data-elementor-type=\"wp-page\" data-elementor-id=\"2266\" class=\"elementor elementor-2266 elementor-119\" data-elementor-post-type=\"page\">\n\t\t\t\t\t\t<section class=\"elementor-section elementor-top-section elementor-element elementor-element-4a1e91de elementor-section-full_width elementor-section-height-default elementor-section-height-default\" data-id=\"4a1e91de\" data-element_type=\"section\" data-settings=\"{&quot;background_background&quot;:&quot;classic&quot;,&quot;jet_parallax_layout_list&quot;:[]}\">\n\t\t\t\t\t\t<div class=\"elementor-container elementor-column-gap-default\">\n\t\t\t\t\t<div class=\"elementor-column elementor-col-100 elementor-top-column elementor-element elementor-element-52145755\" data-id=\"52145755\" data-element_type=\"column\">\n\t\t\t<div class=\"elementor-widget-wrap elementor-element-populated\">\n\t\t\t\t\t\t<section class=\"elementor-section elementor-inner-section elementor-element elementor-element-593cdc0 elementor-section-full_width elementor-section-height-min-height elementor-section-height-default\" data-id=\"593cdc0\" data-element_type=\"section\" data-settings=\"{&quot;background_background&quot;:&quot;classic&quot;,&quot;jet_parallax_layout_list&quot;:[]}\">\n\t\t\t\t\t\t<div class=\"elementor-container elementor-column-gap-default\">\n\t\t\t\t\t<div class=\"elementor-column elementor-col-100 elementor-inner-column elementor-element elementor-element-42a3b18f\" data-id=\"42a3b18f\" data-element_type=\"column\">\n\t\t\t<div class=\"elementor-widget-wrap\">\n\t\t\t\t\t\t\t<\/div>\n\t\t<\/div>\n\t\t\t\t\t<\/div>\n\t\t<\/section>\n\t\t\t\t<section class=\"elementor-section elementor-inner-section elementor-element elementor-element-74043275 elementor-section-full_width elementor-section-height-min-height elementor-section-content-middle elementor-section-height-default\" data-id=\"74043275\" data-element_type=\"section\" data-settings=\"{&quot;background_background&quot;:&quot;classic&quot;,&quot;jet_parallax_layout_list&quot;:[]}\">\n\t\t\t\t\t\t\t<div class=\"elementor-background-overlay\"><\/div>\n\t\t\t\t\t\t\t<div class=\"elementor-container elementor-column-gap-default\">\n\t\t\t\t\t<div class=\"elementor-column elementor-col-100 elementor-inner-column elementor-element elementor-element-2d2ac926\" data-id=\"2d2ac926\" data-element_type=\"column\">\n\t\t\t<div class=\"elementor-widget-wrap elementor-element-populated\">\n\t\t\t\t\t\t<div class=\"elementor-element elementor-element-128c3705 elementor-widget elementor-widget-heading\" data-id=\"128c3705\" data-element_type=\"widget\" data-widget_type=\"heading.default\">\n\t\t\t\t<div class=\"elementor-widget-container\">\n\t\t\t<style>\/*! elementor - v3.22.0 - 24-06-2024 *\/\n.elementor-heading-title{padding:0;margin:0;line-height:1}.elementor-widget-heading .elementor-heading-title[class*=elementor-size-]>a{color:inherit;font-size:inherit;line-height:inherit}.elementor-widget-heading .elementor-heading-title.elementor-size-small{font-size:15px}.elementor-widget-heading .elementor-heading-title.elementor-size-medium{font-size:19px}.elementor-widget-heading .elementor-heading-title.elementor-size-large{font-size:29px}.elementor-widget-heading .elementor-heading-title.elementor-size-xl{font-size:39px}.elementor-widget-heading .elementor-heading-title.elementor-size-xxl{font-size:59px}<\/style><h1 class=\"elementor-heading-title elementor-size-default\">DEVENEZ DISTRIBUTEUR<\/h1>\t\t<\/div>\n\t\t\t\t<\/div>\n\t\t\t\t\t<\/div>\n\t\t<\/div>\n\t\t\t\t\t<\/div>\n\t\t<\/section>\n\t\t\t\t<section class=\"elementor-section elementor-inner-section elementor-element elementor-element-13e00fe elementor-section-full_width elementor-section-height-min-height elementor-section-height-default\" data-id=\"13e00fe\" data-element_type=\"section\" data-settings=\"{&quot;background_background&quot;:&quot;classic&quot;,&quot;jet_parallax_layout_list&quot;:[]}\">\n\t\t\t\t\t\t<div class=\"elementor-container elementor-column-gap-default\">\n\t\t\t\t\t<div class=\"elementor-column elementor-col-100 elementor-inner-column elementor-element elementor-element-10cb3eb9\" data-id=\"10cb3eb9\" data-element_type=\"column\">\n\t\t\t<div class=\"elementor-widget-wrap\">\n\t\t\t\t\t\t\t<\/div>\n\t\t<\/div>\n\t\t\t\t\t<\/div>\n\t\t<\/section>\n\t\t\t\t\t<\/div>\n\t\t<\/div>\n\t\t\t\t\t<\/div>\n\t\t<\/section>\n\t\t\t\t<section class=\"elementor-section elementor-top-section elementor-element elementor-element-3f04decb elementor-section-full_width elementor-section-height-default elementor-section-height-default\" data-id=\"3f04decb\" data-element_type=\"section\" data-settings=\"{&quot;jet_parallax_layout_list&quot;:[]}\">\n\t\t\t\t\t\t<div class=\"elementor-container elementor-column-gap-default\">\n\t\t\t\t\t<div class=\"elementor-column elementor-col-100 elementor-top-column elementor-element elementor-element-103d3b05\" data-id=\"103d3b05\" data-element_type=\"column\">\n\t\t\t<div class=\"elementor-widget-wrap elementor-element-populated\">\n\t\t\t\t\t\t<div class=\"elementor-element elementor-element-60b70fc6 elementor-widget elementor-widget-text-editor\" data-id=\"60b70fc6\" data-element_type=\"widget\" data-widget_type=\"text-editor.default\">\n\t\t\t\t<div class=\"elementor-widget-container\">\n\t\t\t<style>\/*! elementor - v3.22.0 - 24-06-2024 *\/\n.elementor-widget-text-editor.elementor-drop-cap-view-stacked .elementor-drop-cap{background-color:#69727d;color:#fff}.elementor-widget-text-editor.elementor-drop-cap-view-framed .elementor-drop-cap{color:#69727d;border:3px solid;background-color:transparent}.elementor-widget-text-editor:not(.elementor-drop-cap-view-default) .elementor-drop-cap{margin-top:8px}.elementor-widget-text-editor:not(.elementor-drop-cap-view-default) .elementor-drop-cap-letter{width:1em;height:1em}.elementor-widget-text-editor .elementor-drop-cap{float:left;text-align:center;line-height:1;font-size:50px}.elementor-widget-text-editor .elementor-drop-cap-letter{display:inline-block}<\/style>\t\t\t\t<p>Le march\u00e9 des robots de service et industriels<\/p>\n\t\t\t\t\t\t<\/div>\n\t\t\t\t<\/div>\n\t\t\t\t<div class=\"elementor-element elementor-element-4f4da84b elementor-widget elementor-widget-text-editor\" data-id=\"4f4da84b\" data-element_type=\"widget\" data-widget_type=\"text-editor.default\">\n\t\t\t\t<div class=\"elementor-widget-container\">\n\t\t\t\t\t\t\t<p><strong>ROBOTS DE SERVICE<\/strong><\/p>\n<p>Le march\u00e9 de la robotique conna\u00eet une croissance rapide et devrait atteindre plus de 275 milliards de dollars en 2025.<br \/>Le march\u00e9 a \u00e9t\u00e9 dop\u00e9 par la pand\u00e9mie de COVID 19.<br \/>Au cours de cette p\u00e9riode, les gens ont r\u00e9alis\u00e9 que les robots peuvent effectuer des t\u00e2ches essentielles dans la vie quotidienne tout en limitant les risques pour la sant\u00e9.<br \/>Les robots mobiles sont en plein essor \u00e0 l\u2019international :<br \/>Les ventes de robots mobiles de service autonomes travaillant dans le domaine de la logistique augmentent de 31% par an.<br \/>Les ventes de robots mobiles de service destin\u00e9s \u00e0 \u00e9voluer dans les environnements publics augmentent de 40% par an.<br \/>Source IFR: <a href=\"https:\/\/ifr.org\/\" target=\"_blank\" rel=\"noopener\">https:\/\/ifr.org\/<\/a><\/p>\n\t\t\t\t\t\t<\/div>\n\t\t\t\t<\/div>\n\t\t\t\t<div class=\"elementor-element elementor-element-2cc3310 elementor-widget elementor-widget-text-editor\" data-id=\"2cc3310\" data-element_type=\"widget\" data-widget_type=\"text-editor.default\">\n\t\t\t\t<div class=\"elementor-widget-container\">\n\t\t\t\t\t\t\t<p><strong>ROBOTS INDUSTRIELS (AMR)<\/strong><\/p>\n<p>Le march\u00e9 de la robotique industrielle conna\u00eet une croissance constante et de plus en plus d&rsquo;entreprises et d&rsquo;entrep\u00f4ts s&rsquo;automatisent.<br \/>Demain, aucune entreprise industrielle ne pourra se permettre de fonctionner sans robots, m\u00eame les plus petites.<br \/>Chez ipsum tek, nous d\u00e9veloppons des AMR avec un rapport qualit\u00e9-prix in\u00e9gal\u00e9.<\/p>\n\t\t\t\t\t\t<\/div>\n\t\t\t\t<\/div>\n\t\t\t\t\t<\/div>\n\t\t<\/div>\n\t\t\t\t\t<\/div>\n\t\t<\/section>\n\t\t\t\t<section class=\"elementor-section elementor-top-section elementor-element elementor-element-7c11e7a1 elementor-section-full_width elementor-section-height-min-height elementor-section-height-default elementor-section-items-middle\" data-id=\"7c11e7a1\" data-element_type=\"section\" data-settings=\"{&quot;background_background&quot;:&quot;classic&quot;,&quot;jet_parallax_layout_list&quot;:[]}\">\n\t\t\t\t\t\t\t<div class=\"elementor-background-overlay\"><\/div>\n\t\t\t\t\t\t\t<div class=\"elementor-container elementor-column-gap-default\">\n\t\t\t\t\t<div class=\"elementor-column elementor-col-50 elementor-top-column elementor-element elementor-element-703f9387\" data-id=\"703f9387\" data-element_type=\"column\" data-settings=\"{&quot;background_background&quot;:&quot;classic&quot;}\">\n\t\t\t<div class=\"elementor-widget-wrap elementor-element-populated\">\n\t\t\t\t\t\t<div class=\"elementor-element elementor-element-67fe18bf elementor-widget elementor-widget-heading\" data-id=\"67fe18bf\" data-element_type=\"widget\" data-widget_type=\"heading.default\">\n\t\t\t\t<div class=\"elementor-widget-container\">\n\t\t\t<h2 class=\"elementor-heading-title elementor-size-default\">Pourquoi devenir distributeur ip sum tek ?<\/h2>\t\t<\/div>\n\t\t\t\t<\/div>\n\t\t\t\t<div class=\"elementor-element elementor-element-17ee5038 elementor-widget elementor-widget-text-editor\" data-id=\"17ee5038\" data-element_type=\"widget\" data-widget_type=\"text-editor.default\">\n\t\t\t\t<div class=\"elementor-widget-container\">\n\t\t\t\t\t\t\t<p>Vous pouvez cr\u00e9er une entreprise rentable sans frais g\u00e9n\u00e9raux co\u00fbteux ni \u00e9quipement sp\u00e9cial.<br>Nous garantissons une disponibilit\u00e9 permanente des stocks \u00e0 vos clients.<br>Vous proposez la technologie de pointe la plus r\u00e9cente sur un march\u00e9 en constante \u00e9volution et en croissance.<br>Nous fournissons un excellent support dans toutes les applications de cas d&rsquo;utilisation et nous vous consid\u00e9rons davantage comme un partenaire que comme un simple distributeur. Nos ing\u00e9nieurs sont pr\u00eats \u00e0 r\u00e9pondre aux questions techniques les plus exigeantes.<\/p>\n<p>Nous d\u00e9veloppons constamment de nouveaux produits innovants. Rejoignez d\u00e8s maintenant le r\u00e9seau de distribution ipsum tek et soyez pr\u00eat \u00e0 distribuer la gamme compl\u00e8te sur un march\u00e9 en pleine explosion.<\/p>\n<p>Notre entreprise flexible peut adapter rapidement n&rsquo;importe quel produit, \u00e0 un march\u00e9 ou \u00e0 un cas particulier.<\/p>\n<p><i>Nous recherchons des distributeurs en Europe mais \u00e9galement dans le monde entier.<\/i><\/p>\n<p>N&rsquo;h\u00e9sitez pas \u00e0 nous contacter.<\/p>\t\t\t\t\t\t<\/div>\n\t\t\t\t<\/div>\n\t\t\t\t\t<\/div>\n\t\t<\/div>\n\t\t\t\t<div class=\"elementor-column elementor-col-50 elementor-top-column elementor-element elementor-element-4082ae39\" data-id=\"4082ae39\" data-element_type=\"column\" data-settings=\"{&quot;background_background&quot;:&quot;classic&quot;}\">\n\t\t\t<div class=\"elementor-widget-wrap\">\n\t\t\t\t\t\t\t<\/div>\n\t\t<\/div>\n\t\t\t\t\t<\/div>\n\t\t<\/section>\n\t\t\t\t<section class=\"elementor-section elementor-top-section elementor-element elementor-element-5ee3c39f elementor-section-boxed elementor-section-height-default elementor-section-height-default\" data-id=\"5ee3c39f\" data-element_type=\"section\" data-settings=\"{&quot;jet_parallax_layout_list&quot;:[]}\">\n\t\t\t\t\t\t<div class=\"elementor-container elementor-column-gap-default\">\n\t\t\t\t\t<div class=\"elementor-column elementor-col-100 elementor-top-column elementor-element elementor-element-2dcb06b9\" data-id=\"2dcb06b9\" data-element_type=\"column\">\n\t\t\t<div class=\"elementor-widget-wrap elementor-element-populated\">\n\t\t\t\t\t\t<div class=\"elementor-element elementor-element-65bb799a elementor-align-center elementor-widget elementor-widget-button\" data-id=\"65bb799a\" data-element_type=\"widget\" data-widget_type=\"button.default\">\n\t\t\t\t<div class=\"elementor-widget-container\">\n\t\t\t\t\t<div class=\"elementor-button-wrapper\">\n\t\t\t<a class=\"elementor-button elementor-button-link elementor-size-md\" href=\"https:\/\/www.ipsumtek.com\/fr\/contact\/\">\n\t\t\t\t\t\t<span class=\"elementor-button-content-wrapper\">\n\t\t\t\t\t\t<span class=\"elementor-button-icon\">\n\t\t\t\t<i aria-hidden=\"true\" class=\"far fa-envelope\"><\/i>\t\t\t<\/span>\n\t\t\t\t\t\t\t\t\t<span class=\"elementor-button-text\">Nous contacter<\/span>\n\t\t\t\t\t<\/span>\n\t\t\t\t\t<\/a>\n\t\t<\/div>\n\t\t\t\t<\/div>\n\t\t\t\t<\/div>\n\t\t\t\t\t<\/div>\n\t\t<\/div>\n\t\t\t\t\t<\/div>\n\t\t<\/section>\n\t\t\t\t<\/div>\n\t\t","protected":false},"excerpt":{"rendered":"<p>DEVENEZ DISTRIBUTEUR Le march\u00e9 des robots de service et industriels ROBOTS DE SERVICE Le march\u00e9 de la robotique conna\u00eet une croissance rapide et devrait atteindre plus de 275 milliards de dollars en 2025.Le march\u00e9 a \u00e9t\u00e9 dop\u00e9 par la pand\u00e9mie de COVID 19.Au cours de cette p\u00e9riode, les gens ont r\u00e9alis\u00e9 que les robots peuvent [&hellip;]<\/p>\n","protected":false},"author":2,"featured_media":0,"parent":0,"menu_order":0,"comment_status":"closed","ping_status":"closed","template":"","meta":{"_seopress_robots_primary_cat":"","_seopress_titles_title":"Devenez distributeur de nos produits robotiques dans un march\u00e9 en pleine expansion.","_seopress_titles_desc":"Robotique de service et industrielle Devenez distributeur de robots mobiles \u00e0 la pointe de la technologie. ipsum tek vous apporte des services et des produits dans le domaine de la robotique. Nous recherchons des distributeurs en Europe mais \u00e9galement dans le monde entier.   ","_seopress_robots_index":"","footnotes":""},"jetpack_sharing_enabled":true,"_links":{"self":[{"href":"https:\/\/www.ipsumtek.com\/fr\/wp-json\/wp\/v2\/pages\/2266"}],"collection":[{"href":"https:\/\/www.ipsumtek.com\/fr\/wp-json\/wp\/v2\/pages"}],"about":[{"href":"https:\/\/www.ipsumtek.com\/fr\/wp-json\/wp\/v2\/types\/page"}],"author":[{"embeddable":true,"href":"https:\/\/www.ipsumtek.com\/fr\/wp-json\/wp\/v2\/users\/2"}],"replies":[{"embeddable":true,"href":"https:\/\/www.ipsumtek.com\/fr\/wp-json\/wp\/v2\/comments?post=2266"}],"version-history":[{"count":10,"href":"https:\/\/www.ipsumtek.com\/fr\/wp-json\/wp\/v2\/pages\/2266\/revisions"}],"predecessor-version":[{"id":5478,"href":"https:\/\/www.ipsumtek.com\/fr\/wp-json\/wp\/v2\/pages\/2266\/revisions\/5478"}],"wp:attachment":[{"href":"https:\/\/www.ipsumtek.com\/fr\/wp-json\/wp\/v2\/media?parent=2266"}],"curies":[{"name":"wp","href":"https:\/\/api.w.org\/{rel}","templated":true}]}}