{"id":2122,"date":"2022-05-28T18:21:08","date_gmt":"2022-05-28T16:21:08","guid":{"rendered":"https:\/\/www.ipsumtek.com\/carriere\/"},"modified":"2025-07-24T16:13:48","modified_gmt":"2025-07-24T14:13:48","slug":"carriere","status":"publish","type":"page","link":"https:\/\/www.ipsumtek.com\/fr\/carriere\/","title":{"rendered":"CARRIERE"},"content":{"rendered":"\t\t<div data-elementor-type=\"wp-page\" data-elementor-id=\"2122\" class=\"elementor elementor-2122 elementor-1538\" data-elementor-post-type=\"page\">\n\t\t\t\t\t\t<section class=\"elementor-section elementor-top-section elementor-element elementor-element-4dc78d7 elementor-section-full_width elementor-section-height-default elementor-section-height-default\" data-id=\"4dc78d7\" data-element_type=\"section\" data-settings=\"{&quot;background_background&quot;:&quot;classic&quot;,&quot;jet_parallax_layout_list&quot;:[]}\">\n\t\t\t\t\t\t<div class=\"elementor-container elementor-column-gap-default\">\n\t\t\t\t\t<div class=\"elementor-column elementor-col-100 elementor-top-column elementor-element elementor-element-117ac137\" data-id=\"117ac137\" data-element_type=\"column\">\n\t\t\t<div class=\"elementor-widget-wrap elementor-element-populated\">\n\t\t\t\t\t\t<section class=\"elementor-section elementor-inner-section elementor-element elementor-element-73f1fe95 elementor-section-full_width elementor-section-height-min-height elementor-section-height-default\" data-id=\"73f1fe95\" data-element_type=\"section\" data-settings=\"{&quot;background_background&quot;:&quot;classic&quot;,&quot;jet_parallax_layout_list&quot;:[]}\">\n\t\t\t\t\t\t<div class=\"elementor-container elementor-column-gap-default\">\n\t\t\t\t\t<div class=\"elementor-column elementor-col-100 elementor-inner-column elementor-element elementor-element-2064576b\" data-id=\"2064576b\" data-element_type=\"column\">\n\t\t\t<div class=\"elementor-widget-wrap\">\n\t\t\t\t\t\t\t<\/div>\n\t\t<\/div>\n\t\t\t\t\t<\/div>\n\t\t<\/section>\n\t\t\t\t<section class=\"elementor-section elementor-inner-section elementor-element elementor-element-19b987de elementor-section-full_width elementor-section-height-min-height elementor-section-content-middle elementor-section-height-default\" data-id=\"19b987de\" data-element_type=\"section\" data-settings=\"{&quot;background_background&quot;:&quot;classic&quot;,&quot;jet_parallax_layout_list&quot;:[]}\">\n\t\t\t\t\t\t\t<div class=\"elementor-background-overlay\"><\/div>\n\t\t\t\t\t\t\t<div class=\"elementor-container elementor-column-gap-default\">\n\t\t\t\t\t<div class=\"elementor-column elementor-col-100 elementor-inner-column elementor-element elementor-element-7c0a836c\" data-id=\"7c0a836c\" data-element_type=\"column\">\n\t\t\t<div class=\"elementor-widget-wrap elementor-element-populated\">\n\t\t\t\t\t\t<div class=\"elementor-element elementor-element-16394600 elementor-widget elementor-widget-heading\" data-id=\"16394600\" data-element_type=\"widget\" data-widget_type=\"heading.default\">\n\t\t\t\t<div class=\"elementor-widget-container\">\n\t\t\t<style>\/*! elementor - v3.22.0 - 24-06-2024 *\/\n.elementor-heading-title{padding:0;margin:0;line-height:1}.elementor-widget-heading .elementor-heading-title[class*=elementor-size-]>a{color:inherit;font-size:inherit;line-height:inherit}.elementor-widget-heading .elementor-heading-title.elementor-size-small{font-size:15px}.elementor-widget-heading .elementor-heading-title.elementor-size-medium{font-size:19px}.elementor-widget-heading .elementor-heading-title.elementor-size-large{font-size:29px}.elementor-widget-heading .elementor-heading-title.elementor-size-xl{font-size:39px}.elementor-widget-heading .elementor-heading-title.elementor-size-xxl{font-size:59px}<\/style><h1 class=\"elementor-heading-title elementor-size-default\">NOUS RECRUTONS<\/h1>\t\t<\/div>\n\t\t\t\t<\/div>\n\t\t\t\t\t<\/div>\n\t\t<\/div>\n\t\t\t\t\t<\/div>\n\t\t<\/section>\n\t\t\t\t<section class=\"elementor-section elementor-inner-section elementor-element elementor-element-6ee3eddd elementor-section-full_width elementor-section-height-min-height elementor-section-height-default\" data-id=\"6ee3eddd\" data-element_type=\"section\" data-settings=\"{&quot;background_background&quot;:&quot;classic&quot;,&quot;jet_parallax_layout_list&quot;:[]}\">\n\t\t\t\t\t\t<div class=\"elementor-container elementor-column-gap-default\">\n\t\t\t\t\t<div class=\"elementor-column elementor-col-100 elementor-inner-column elementor-element elementor-element-19c24581\" data-id=\"19c24581\" data-element_type=\"column\">\n\t\t\t<div class=\"elementor-widget-wrap\">\n\t\t\t\t\t\t\t<\/div>\n\t\t<\/div>\n\t\t\t\t\t<\/div>\n\t\t<\/section>\n\t\t\t\t\t<\/div>\n\t\t<\/div>\n\t\t\t\t\t<\/div>\n\t\t<\/section>\n\t\t\t\t<section class=\"elementor-section elementor-top-section elementor-element elementor-element-660e62e elementor-section-boxed elementor-section-height-default elementor-section-height-default\" data-id=\"660e62e\" data-element_type=\"section\" data-settings=\"{&quot;jet_parallax_layout_list&quot;:[]}\">\n\t\t\t\t\t\t<div class=\"elementor-container elementor-column-gap-default\">\n\t\t\t\t\t<div class=\"elementor-column elementor-col-100 elementor-top-column elementor-element elementor-element-ab01608\" data-id=\"ab01608\" data-element_type=\"column\">\n\t\t\t<div class=\"elementor-widget-wrap elementor-element-populated\">\n\t\t\t\t\t\t<section class=\"elementor-section elementor-inner-section elementor-element elementor-element-315351f elementor-section-boxed elementor-section-height-default elementor-section-height-default\" data-id=\"315351f\" data-element_type=\"section\" data-settings=\"{&quot;jet_parallax_layout_list&quot;:[]}\">\n\t\t\t\t\t\t<div class=\"elementor-container elementor-column-gap-default\">\n\t\t\t\t\t<div class=\"elementor-column elementor-col-100 elementor-inner-column elementor-element elementor-element-856e743\" data-id=\"856e743\" data-element_type=\"column\">\n\t\t\t<div class=\"elementor-widget-wrap elementor-element-populated\">\n\t\t\t\t\t\t<div class=\"elementor-element elementor-element-4467543 elementor-widget elementor-widget-heading\" data-id=\"4467543\" data-element_type=\"widget\" data-widget_type=\"heading.default\">\n\t\t\t\t<div class=\"elementor-widget-container\">\n\t\t\t<h1 class=\"elementor-heading-title elementor-size-default\">Et si vous participiez \u00e0 l\u2019innovation qui transforme notre avenir ?<\/h1>\t\t<\/div>\n\t\t\t\t<\/div>\n\t\t\t\t<div class=\"elementor-element elementor-element-2a172ce3 elementor-widget elementor-widget-text-editor\" data-id=\"2a172ce3\" data-element_type=\"widget\" data-widget_type=\"text-editor.default\">\n\t\t\t\t<div class=\"elementor-widget-container\">\n\t\t\t<style>\/*! elementor - v3.22.0 - 24-06-2024 *\/\n.elementor-widget-text-editor.elementor-drop-cap-view-stacked .elementor-drop-cap{background-color:#69727d;color:#fff}.elementor-widget-text-editor.elementor-drop-cap-view-framed .elementor-drop-cap{color:#69727d;border:3px solid;background-color:transparent}.elementor-widget-text-editor:not(.elementor-drop-cap-view-default) .elementor-drop-cap{margin-top:8px}.elementor-widget-text-editor:not(.elementor-drop-cap-view-default) .elementor-drop-cap-letter{width:1em;height:1em}.elementor-widget-text-editor .elementor-drop-cap{float:left;text-align:center;line-height:1;font-size:50px}.elementor-widget-text-editor .elementor-drop-cap-letter{display:inline-block}<\/style>\t\t\t\t<p>Chez <span style=\"color: #0000ff;\">ip sum tek<\/span> Nous avons la vision d&rsquo;un monde futur o\u00f9 les robots seront nos nouveaux coll\u00e8gues de travail.Nous pensons qu&rsquo;ils seront d\u00e9vou\u00e9s et tr\u00e8s sp\u00e9cialis\u00e9s dans les t\u00e2ches n\u00e9glig\u00e9es ou ingrates.Ils seront l\u00e0 pour nous \u00ab\u00a0augmenter\u00a0\u00bb et nous faire gagner un temps pr\u00e9cieux pour le plaisir.<br>Ou du temps pour des choses importantes o\u00f9 l&rsquo;\u00eatre humain est irrempla\u00e7able.<\/p>\n<p>Chez <span style=\"color: #0000ff;\">ip sum tek<\/span> \u00ab Efficacit\u00e9 \u00bb, \u00ab plaisir \u00bb et \u00ab innovation \u00bb sont les maitres mots.<br>Nous recherchons des personnes passionn\u00e9es et talentueuses pour rejoindre l&rsquo;aventure.<\/p>\n<p><em><strong>Vous avez chez nous l&rsquo;occasion unique de participer \u00e0 cette incroyable aventure qui ne fait que commencer.&nbsp;<\/strong><\/em><\/p>\n<p><strong>Envoyez votre CV ou votre demande de stage \u00e0 careers@ipsumtek.com<\/strong><\/p>\t\t\t\t\t\t<\/div>\n\t\t\t\t<\/div>\n\t\t\t\t\t<\/div>\n\t\t<\/div>\n\t\t\t\t\t<\/div>\n\t\t<\/section>\n\t\t\t\t\t<\/div>\n\t\t<\/div>\n\t\t\t\t\t<\/div>\n\t\t<\/section>\n\t\t\t\t<section class=\"elementor-section elementor-top-section elementor-element elementor-element-5ec66ac elementor-section-boxed elementor-section-height-default elementor-section-height-default\" data-id=\"5ec66ac\" data-element_type=\"section\" data-settings=\"{&quot;jet_parallax_layout_list&quot;:[]}\">\n\t\t\t\t\t\t<div class=\"elementor-container elementor-column-gap-default\">\n\t\t\t\t\t<div class=\"elementor-column elementor-col-100 elementor-top-column elementor-element elementor-element-e8b9f16\" data-id=\"e8b9f16\" data-element_type=\"column\">\n\t\t\t<div class=\"elementor-widget-wrap elementor-element-populated\">\n\t\t\t\t\t\t<section class=\"elementor-section elementor-inner-section elementor-element elementor-element-da141ed elementor-section-boxed elementor-section-height-default elementor-section-height-default\" data-id=\"da141ed\" data-element_type=\"section\" data-settings=\"{&quot;jet_parallax_layout_list&quot;:[]}\">\n\t\t\t\t\t\t<div class=\"elementor-container elementor-column-gap-default\">\n\t\t\t\t\t<div class=\"elementor-column elementor-col-100 elementor-inner-column elementor-element elementor-element-15d7f64\" data-id=\"15d7f64\" data-element_type=\"column\">\n\t\t\t<div class=\"elementor-widget-wrap elementor-element-populated\">\n\t\t\t\t\t\t<div class=\"elementor-element elementor-element-34fab3f elementor-widget elementor-widget-heading\" data-id=\"34fab3f\" data-element_type=\"widget\" data-widget_type=\"heading.default\">\n\t\t\t\t<div class=\"elementor-widget-container\">\n\t\t\t<h1 class=\"elementor-heading-title elementor-size-default\">Et si vous changiez pour travailler dans le cadre idyllique de la Provence ?<\/h1>\t\t<\/div>\n\t\t\t\t<\/div>\n\t\t\t\t<div class=\"elementor-element elementor-element-e332378 elementor-widget elementor-widget-text-editor\" data-id=\"e332378\" data-element_type=\"widget\" data-widget_type=\"text-editor.default\">\n\t\t\t\t<div class=\"elementor-widget-container\">\n\t\t\t\t\t\t\t<p>La croissance rapide de notre entreprise nous am\u00e8ne \u00e0 recruter dans tous les domaines li\u00e9s \u00e0 la robotique : \u00c9lectronique, m\u00e9canique, d\u00e9veloppement logiciel, vision par ordinateur et IA, commercial et marketing.<\/p>\n<p>Quelle que soit votre localisation, si la robotique vous passionne, rejoignez-nous et aidez-nous \u00e0 concr\u00e9tiser notre vision !<\/p>\n<p><em><strong>Vous avez chez nous l&rsquo;occasion unique de participer \u00e0 cette incroyable aventure qui ne fait que commencer.<\/strong><\/em><\/p>\n<p><strong>Envoyez votre CV ou votre demande de stage \u00e0 careers@ipsumtek.com<\/strong><\/p>\n\t\t\t\t\t\t<\/div>\n\t\t\t\t<\/div>\n\t\t\t\t\t<\/div>\n\t\t<\/div>\n\t\t\t\t\t<\/div>\n\t\t<\/section>\n\t\t\t\t\t<\/div>\n\t\t<\/div>\n\t\t\t\t\t<\/div>\n\t\t<\/section>\n\t\t\t\t<section class=\"elementor-section elementor-top-section elementor-element elementor-element-cd89b7a elementor-section-boxed elementor-section-height-default elementor-section-height-default\" data-id=\"cd89b7a\" data-element_type=\"section\" data-settings=\"{&quot;jet_parallax_layout_list&quot;:[]}\">\n\t\t\t\t\t\t<div class=\"elementor-container elementor-column-gap-default\">\n\t\t\t\t\t<div class=\"elementor-column elementor-col-100 elementor-top-column elementor-element elementor-element-01c3af5\" data-id=\"01c3af5\" data-element_type=\"column\">\n\t\t\t<div class=\"elementor-widget-wrap elementor-element-populated\">\n\t\t\t\t\t\t<div class=\"elementor-element elementor-element-39ddbae elementor-align-center elementor-widget elementor-widget-button\" data-id=\"39ddbae\" data-element_type=\"widget\" data-widget_type=\"button.default\">\n\t\t\t\t<div class=\"elementor-widget-container\">\n\t\t\t\t\t<div class=\"elementor-button-wrapper\">\n\t\t\t<a class=\"elementor-button elementor-button-link elementor-size-md\" href=\"https:\/\/www.ipsumtek.com\/fr\/contact\/\">\n\t\t\t\t\t\t<span class=\"elementor-button-content-wrapper\">\n\t\t\t\t\t\t<span class=\"elementor-button-icon\">\n\t\t\t\t<i aria-hidden=\"true\" class=\"far fa-envelope\"><\/i>\t\t\t<\/span>\n\t\t\t\t\t\t\t\t\t<span class=\"elementor-button-text\">Nous contacter<\/span>\n\t\t\t\t\t<\/span>\n\t\t\t\t\t<\/a>\n\t\t<\/div>\n\t\t\t\t<\/div>\n\t\t\t\t<\/div>\n\t\t\t\t\t<\/div>\n\t\t<\/div>\n\t\t\t\t\t<\/div>\n\t\t<\/section>\n\t\t\t\t<\/div>\n\t\t","protected":false},"excerpt":{"rendered":"<p>NOUS RECRUTONS Et si vous participiez \u00e0 l\u2019innovation qui transforme notre avenir ? Chez ip sum tek Nous avons la vision d&rsquo;un monde futur o\u00f9 les robots seront nos nouveaux coll\u00e8gues de travail.Nous pensons qu&rsquo;ils seront d\u00e9vou\u00e9s et tr\u00e8s sp\u00e9cialis\u00e9s dans les t\u00e2ches n\u00e9glig\u00e9es ou ingrates.Ils seront l\u00e0 pour nous \u00ab\u00a0augmenter\u00a0\u00bb et nous faire gagner [&hellip;]<\/p>\n","protected":false},"author":2,"featured_media":0,"parent":0,"menu_order":0,"comment_status":"closed","ping_status":"closed","template":"","meta":{"_seopress_robots_primary_cat":"","_seopress_titles_title":"ip sum tek recrute des passionn\u00e9s de robotique","_seopress_titles_desc":"Quelle que soit votre localisation, si la robotique vous passionne, rejoignez-nous et aidez-nous \u00e0 concr\u00e9tiser notre vision !","_seopress_robots_index":"","footnotes":""},"jetpack_sharing_enabled":true,"_links":{"self":[{"href":"https:\/\/www.ipsumtek.com\/fr\/wp-json\/wp\/v2\/pages\/2122"}],"collection":[{"href":"https:\/\/www.ipsumtek.com\/fr\/wp-json\/wp\/v2\/pages"}],"about":[{"href":"https:\/\/www.ipsumtek.com\/fr\/wp-json\/wp\/v2\/types\/page"}],"author":[{"embeddable":true,"href":"https:\/\/www.ipsumtek.com\/fr\/wp-json\/wp\/v2\/users\/2"}],"replies":[{"embeddable":true,"href":"https:\/\/www.ipsumtek.com\/fr\/wp-json\/wp\/v2\/comments?post=2122"}],"version-history":[{"count":27,"href":"https:\/\/www.ipsumtek.com\/fr\/wp-json\/wp\/v2\/pages\/2122\/revisions"}],"predecessor-version":[{"id":5708,"href":"https:\/\/www.ipsumtek.com\/fr\/wp-json\/wp\/v2\/pages\/2122\/revisions\/5708"}],"wp:attachment":[{"href":"https:\/\/www.ipsumtek.com\/fr\/wp-json\/wp\/v2\/media?parent=2122"}],"curies":[{"name":"wp","href":"https:\/\/api.w.org\/{rel}","templated":true}]}}