{"id":1025,"date":"2022-05-23T21:32:11","date_gmt":"2022-05-23T19:32:11","guid":{"rendered":"https:\/\/www.ipsumtek.com\/cgu\/"},"modified":"2022-06-26T16:23:06","modified_gmt":"2022-06-26T14:23:06","slug":"cgu","status":"publish","type":"page","link":"https:\/\/www.ipsumtek.com\/fr\/cgu\/","title":{"rendered":"Terms of service"},"content":{"rendered":"\t\t<div data-elementor-type=\"wp-page\" data-elementor-id=\"1025\" class=\"elementor elementor-1025 elementor-1009\" data-elementor-post-type=\"page\">\n\t\t\t\t\t\t<section class=\"elementor-section elementor-top-section elementor-element elementor-element-35496db elementor-section-full_width elementor-section-height-default elementor-section-height-default\" data-id=\"35496db\" data-element_type=\"section\" data-settings=\"{&quot;background_background&quot;:&quot;classic&quot;,&quot;jet_parallax_layout_list&quot;:[]}\">\n\t\t\t\t\t\t<div class=\"elementor-container elementor-column-gap-default\">\n\t\t\t\t\t<div class=\"elementor-column elementor-col-100 elementor-top-column elementor-element elementor-element-4ad9a5b5\" data-id=\"4ad9a5b5\" data-element_type=\"column\">\n\t\t\t<div class=\"elementor-widget-wrap elementor-element-populated\">\n\t\t\t\t\t\t<section class=\"elementor-section elementor-inner-section elementor-element elementor-element-33638191 elementor-section-full_width elementor-section-height-min-height elementor-section-height-default\" data-id=\"33638191\" data-element_type=\"section\" data-settings=\"{&quot;background_background&quot;:&quot;classic&quot;,&quot;jet_parallax_layout_list&quot;:[]}\">\n\t\t\t\t\t\t<div class=\"elementor-container elementor-column-gap-default\">\n\t\t\t\t\t<div class=\"elementor-column elementor-col-100 elementor-inner-column elementor-element elementor-element-15699ef1\" data-id=\"15699ef1\" data-element_type=\"column\">\n\t\t\t<div class=\"elementor-widget-wrap\">\n\t\t\t\t\t\t\t<\/div>\n\t\t<\/div>\n\t\t\t\t\t<\/div>\n\t\t<\/section>\n\t\t\t\t<section class=\"elementor-section elementor-inner-section elementor-element elementor-element-79f3a605 elementor-section-full_width elementor-section-height-min-height elementor-section-content-middle elementor-section-height-default\" data-id=\"79f3a605\" data-element_type=\"section\" data-settings=\"{&quot;background_background&quot;:&quot;classic&quot;,&quot;jet_parallax_layout_list&quot;:[]}\">\n\t\t\t\t\t\t\t<div class=\"elementor-background-overlay\"><\/div>\n\t\t\t\t\t\t\t<div class=\"elementor-container elementor-column-gap-default\">\n\t\t\t\t\t<div class=\"elementor-column elementor-col-100 elementor-inner-column elementor-element elementor-element-4d2badab\" data-id=\"4d2badab\" data-element_type=\"column\">\n\t\t\t<div class=\"elementor-widget-wrap elementor-element-populated\">\n\t\t\t\t\t\t<div class=\"elementor-element elementor-element-724b650c elementor-widget elementor-widget-heading\" data-id=\"724b650c\" data-element_type=\"widget\" data-widget_type=\"heading.default\">\n\t\t\t\t<div class=\"elementor-widget-container\">\n\t\t\t<style>\/*! elementor - v3.22.0 - 24-06-2024 *\/\n.elementor-heading-title{padding:0;margin:0;line-height:1}.elementor-widget-heading .elementor-heading-title[class*=elementor-size-]>a{color:inherit;font-size:inherit;line-height:inherit}.elementor-widget-heading .elementor-heading-title.elementor-size-small{font-size:15px}.elementor-widget-heading .elementor-heading-title.elementor-size-medium{font-size:19px}.elementor-widget-heading .elementor-heading-title.elementor-size-large{font-size:29px}.elementor-widget-heading .elementor-heading-title.elementor-size-xl{font-size:39px}.elementor-widget-heading .elementor-heading-title.elementor-size-xxl{font-size:59px}<\/style><h1 class=\"elementor-heading-title elementor-size-default\">Terms of service<\/h1>\t\t<\/div>\n\t\t\t\t<\/div>\n\t\t\t\t<div class=\"elementor-element elementor-element-a9cff35 elementor-widget elementor-widget-heading\" data-id=\"a9cff35\" data-element_type=\"widget\" data-widget_type=\"heading.default\">\n\t\t\t\t<div class=\"elementor-widget-container\">\n\t\t\t<h1 class=\"elementor-heading-title elementor-size-default\">Conditions G\u00e9n\u00e9rales d'Utilisation<\/h1>\t\t<\/div>\n\t\t\t\t<\/div>\n\t\t\t\t\t<\/div>\n\t\t<\/div>\n\t\t\t\t\t<\/div>\n\t\t<\/section>\n\t\t\t\t<section class=\"elementor-section elementor-inner-section elementor-element elementor-element-2036368 elementor-section-full_width elementor-section-height-min-height elementor-section-height-default\" data-id=\"2036368\" data-element_type=\"section\" data-settings=\"{&quot;background_background&quot;:&quot;classic&quot;,&quot;jet_parallax_layout_list&quot;:[]}\">\n\t\t\t\t\t\t<div class=\"elementor-container elementor-column-gap-default\">\n\t\t\t\t\t<div class=\"elementor-column elementor-col-100 elementor-inner-column elementor-element elementor-element-24bc35f3\" data-id=\"24bc35f3\" data-element_type=\"column\">\n\t\t\t<div class=\"elementor-widget-wrap\">\n\t\t\t\t\t\t\t<\/div>\n\t\t<\/div>\n\t\t\t\t\t<\/div>\n\t\t<\/section>\n\t\t\t\t\t<\/div>\n\t\t<\/div>\n\t\t\t\t\t<\/div>\n\t\t<\/section>\n\t\t\t\t<section class=\"elementor-section elementor-top-section elementor-element elementor-element-4236f768 elementor-section-boxed elementor-section-height-default elementor-section-height-default\" data-id=\"4236f768\" data-element_type=\"section\" data-settings=\"{&quot;jet_parallax_layout_list&quot;:[]}\">\n\t\t\t\t\t\t<div class=\"elementor-container elementor-column-gap-default\">\n\t\t\t\t\t<div class=\"elementor-column elementor-col-100 elementor-top-column elementor-element elementor-element-7157fbfd\" data-id=\"7157fbfd\" data-element_type=\"column\">\n\t\t\t<div class=\"elementor-widget-wrap elementor-element-populated\">\n\t\t\t\t\t\t<section class=\"elementor-section elementor-inner-section elementor-element elementor-element-2a6da706 elementor-section-full_width elementor-section-height-min-height elementor-section-height-default\" data-id=\"2a6da706\" data-element_type=\"section\" data-settings=\"{&quot;background_background&quot;:&quot;classic&quot;,&quot;jet_parallax_layout_list&quot;:[]}\">\n\t\t\t\t\t\t<div class=\"elementor-container elementor-column-gap-default\">\n\t\t\t\t\t<div class=\"elementor-column elementor-col-100 elementor-inner-column elementor-element elementor-element-24635dd5\" data-id=\"24635dd5\" data-element_type=\"column\">\n\t\t\t<div class=\"elementor-widget-wrap\">\n\t\t\t\t\t\t\t<\/div>\n\t\t<\/div>\n\t\t\t\t\t<\/div>\n\t\t<\/section>\n\t\t\t\t<div class=\"elementor-element elementor-element-73efae39 elementor-widget elementor-widget-text-editor\" data-id=\"73efae39\" data-element_type=\"widget\" data-widget_type=\"text-editor.default\">\n\t\t\t\t<div class=\"elementor-widget-container\">\n\t\t\t<style>\/*! elementor - v3.22.0 - 24-06-2024 *\/\n.elementor-widget-text-editor.elementor-drop-cap-view-stacked .elementor-drop-cap{background-color:#69727d;color:#fff}.elementor-widget-text-editor.elementor-drop-cap-view-framed .elementor-drop-cap{color:#69727d;border:3px solid;background-color:transparent}.elementor-widget-text-editor:not(.elementor-drop-cap-view-default) .elementor-drop-cap{margin-top:8px}.elementor-widget-text-editor:not(.elementor-drop-cap-view-default) .elementor-drop-cap-letter{width:1em;height:1em}.elementor-widget-text-editor .elementor-drop-cap{float:left;text-align:center;line-height:1;font-size:50px}.elementor-widget-text-editor .elementor-drop-cap-letter{display:inline-block}<\/style>\t\t\t\t<p><b>Presentation<\/b><\/p><p><span style=\"font-weight: 400;\">These Terms Of Service exist only in French language and any translation is the responsibility of the customer. For a translation, you can get a purely text version of these Terms Of Service by sending us a request by email to <a style=\"font-family: var( --e-global-typography-text-font-family ), Sans-serif; font-weight: var( --e-global-typography-text-font-weight ); background-color: #ffffff; font-size: 1rem;\" href=\"mailto:contact@ipsumtek.com\">contact@ipsumtek.com<\/a><span style=\"color: var( --e-global-color-text ); font-family: var( --e-global-typography-text-font-family ), Sans-serif; font-size: 1rem;\">.<\/span><\/span><\/p><p><span style=\"color: var( --e-global-color-text ); font-family: var( --e-global-typography-text-font-family ), Sans-serif; font-size: 1rem;\">Les pr\u00e9sentes Conditions G\u00e9n\u00e9rales d&rsquo;Utilisation (\u00ab CGU \u00bb) sont \u00e9galement disponibles <\/span><span style=\"color: var( --e-global-color-text ); font-family: var( --e-global-typography-text-font-family ), Sans-serif; font-size: 1rem;\">sur demande par email \u00e0 <\/span><a style=\"font-family: var( --e-global-typography-text-font-family ), Sans-serif; font-weight: var( --e-global-typography-text-font-weight ); background-color: #ffffff; font-size: 1rem;\" href=\"mailto:contact@ipsumtek.com\">contact@ipsumtek.com<\/a><span style=\"color: var( --e-global-color-text ); font-family: var( --e-global-typography-text-font-family ), Sans-serif; font-size: 1rem;\">.<\/span><\/p><p><strong style=\"color: var( --e-global-color-text ); font-family: var( --e-global-typography-text-font-family ), Sans-serif; font-size: 1rem;\">Ce document d\u00e9crit les conditions d&rsquo;utilisation du site web ipsumtek.com<\/strong><\/p><p>L\u2019acc\u00e8s au site ainsi que l\u2019utilisation de son contenu est d\u00e9fini par les conditions d\u00e9crites ci-apr\u00e8s. L\u2019acc\u00e8s et la navigation sur le site constitue une acceptation sans r\u00e9serve de la part de l\u2019utilisateur des mentions suivantes. Et ce aussi bien en France qu\u2019\u00e0 l\u2019\u00e9tranger.<br>Le site de ip sum SAS est h\u00e9berg\u00e9 par IONOS.<\/p><p><strong>Acceptation d&rsquo;utilisation du site<\/strong><\/p><p>ip sum tek SAS vous fournit sur le ipsumtek.com, ainsi que sur la version mobile de ce site, des services sous r\u00e9serve que vous acceptiez les diff\u00e9rentes r\u00e8gles d\u00e9finies ci-apr\u00e8s. Les r\u00e8gles d\u00e9finies constituent les pr\u00e9sentes conditions d&rsquo;utilisation. Veuillez lire les pr\u00e9sentes conditions d\u2019utilisation attentivement. En effet, utiliser les services du site signifie que vous acceptez ces conditions sans r\u00e9serve.<\/p><p>Nous nous r\u00e9servons le droit de changer \u00e0 tout moment ces conditions d\u2019utilisation ; nous vous recommandons de v\u00e9rifier cette page r\u00e9guli\u00e8rement afin de prendre connaissance de ces changements car ceux-ci s\u2019appliqueront \u00e0 votre utilisation du site internet ipsumtek.com.<\/p><p> <\/p><p><strong>Autres Conditions G\u00e9n\u00e9rales applicables<\/strong><\/p><p>Les pr\u00e9sentes conditions d\u2019utilisation font \u00e9galement r\u00e9f\u00e9rence \u00e0 d\u2019autres conditions g\u00e9n\u00e9rales, ou bien \u00e0 d\u2019autres politiques qui elles-aussi s\u2019appliquent lorsque vous utilisez notre site.<\/p><p>Notre Politique de Protection des Donn\u00e9es r\u00e9git notre utilisation de toutes donn\u00e9es personnelles que nous avons soit collect\u00e9es aupr\u00e8s de vous, ou bien soit que vous nous avez fournies.Notre Politique de Cookies r\u00e9git l\u2019ensemble des cookies qui sont pr\u00e9sents sur notre site.Enfin, lorsque vous achetez des biens sur notre site, nos Conditions G\u00e9n\u00e9rales de Vente s\u2019appliquent.<\/p><p>L\u2019ensemble de ces documents est disponible sur simple demande \u00e0 l\u2019adresse suivante : <a style=\"font-family: var( --e-global-typography-text-font-family ), Sans-serif; font-weight: var( --e-global-typography-text-font-weight ); background-color: #ffffff; font-size: 1rem;\" href=\"mailto:contact@ipsumtek.com\">contact@ipsumtek.com<\/a><\/p><p> <\/p><p><strong>Les services de ipsumtek.com<\/strong><\/p><p>Nos services en ligne peuvent \u00e0 tout moment \u00e9voluer, \u00eatre modifi\u00e9s ou supprim\u00e9s. En utilisant ces services, vous acceptez les fonctionnalit\u00e9s pr\u00e9sentes dans l&rsquo;\u00e9tat de d\u00e9veloppement o\u00f9 elles se trouvent. Ip sum tek SAS ne pourra \u00eatre tenu responsable des suppressions, modifications des fonctionnalit\u00e9s pr\u00e9sentes et \u00e0 venir, et ne saurait non plus \u00eatre tenue responsable de la disponibilit\u00e9 ou l\u2019indisponibilit\u00e9 de son site. Ip sum tek SAS ne garantit pas non plus que son site soit exempt de toute erreur. L\u2019utilisation du site et des services en ligne suppose un ordinateur connect\u00e9 \u00e0 Internet. Le mat\u00e9riel et les co\u00fbts de connexion ne peuvent \u00eatre imput\u00e9s en aucune mani\u00e8re \u00e0 Ip sum tek SAS. Vous devez vous assurer que toute personne qui acc\u00e8de notre site via votre connexion internet ait connaissance de nos pr\u00e9sentes conditions d\u2019utilisation et s\u2019y conforme. Identifiant, mot de passe et informations s&rsquo;y rapportant.<\/p><p>Si vous le souhaitez, pendant la proc\u00e9dure d&rsquo;enregistrement, vous cr\u00e9ez un compte et d\u00e9finissez un identifiant ainsi qu&rsquo;un mot de passe de s\u00e9curit\u00e9. Ceux-ci sont strictement confidentiels. Vous ne devez pas les communiquer \u00e0 des tiers. Vous vous engagez \u00e0 contacter Ip sum tek SAS (mail : contact@ipsumtek.com pour toutes anomalies constat\u00e9es, perte de mot de passe ou utilisation abusive ou frauduleuse d&rsquo;un tiers afin que le mot de passe soit supprim\u00e9. Ip sum tek SAS ne pourra \u00eatre tenue responsable pour tout dommage survenu lors de la non-application du pr\u00e9sent paragraphe.<\/p><p>Nous nous r\u00e9servons le droit de supprimer votre mot de passe ou bien votre identifiant si nous pensons que vous ne respectez pas les pr\u00e9sentes conditions d\u2019utilisation.<\/p><p> <\/p><p><strong>Utilisateur du site &#8211; acceptation<\/strong><\/p><p>En tant qu&rsquo;utilisateur, vous acceptez :De n&rsquo;utiliser, exploiter ou diffuser les informations et scripts contenus sur le site qu&rsquo;en poss\u00e9dant l&rsquo;accord explicite de ip sum tek SAS,De ne pas envoyer au cours des formulaires d&rsquo;enregistrement ou de la rubrique \u00ab Nous contacter \u00bb de propos vulgaire, raciste, pornographique ou portant atteinte \u00e0 la vie priv\u00e9e d&rsquo;un tiers (personne morale ou physique).<\/p><p>Nous vous informons que ip sum tek SAS ou un tiers d\u00e9sign\u00e9 par ip sum tek SAS pourra acc\u00e9der aux informations stock\u00e9es sur nos serveurs en cas de non-respect de la l\u00e9gislation en vigueur afin de prot\u00e9ger les droits et int\u00e9r\u00eats de chacun.<br>Vous reconnaissez le droit \u00e0 ip sum tek SAS de modifier ou supprimer toute information en contradiction avec la bonne utilisation du site et le respect des pr\u00e9sentes conditions d&rsquo;utilisation ainsi que de r\u00e9silier l&rsquo;enregistrement d&rsquo;un individu.<\/p><p> <\/p><p><strong>Droits de Propri\u00e9t\u00e9 Intellectuel<\/strong><\/p><p>Seul ip sum tek SAS, ou bien les autres soci\u00e9t\u00e9s mandat\u00e9es par ip sum tek SAS est \/sont propri\u00e9taires de tout droit de propri\u00e9t\u00e9 intellectuelle sur le site, ainsi que sur tout le mat\u00e9riel contenu dans le site.<\/p><p>Vous pouvez imprimer, ou bien enregistrer des extraits de pages de notre site uniquement pour votre utilisation personnelle ou bien pour l\u2019utilisation commerciale de la soci\u00e9t\u00e9 pour laquelle vous travaillez et vous pouvez aussi montrer \u00e0 vos coll\u00e8gues le mat\u00e9riel logiciels et services disponibles sur notre site. Cependant toute autre reproduction est interdite. De plus, vous n\u2019\u00eates pas autoris\u00e9 \u00e0 inclure le contenu de notre site dans d\u2019autres sites internet. Par ailleurs, nous ne sommes pas responsables des t\u00e9l\u00e9chargements. Enfin, vous n\u2019\u00eates pas autoris\u00e9 \u00e0 modifier les copies de notre site, ou bien \u00e0 modifier ou d\u00e9composer notre site internet, de m\u00eame lorsque vous utilisez toute photo, toute vid\u00e9o ou toute illustration prise sur notre site, elle ne doit jamais \u00eatre s\u00e9par\u00e9e du texte qui pourrait y figurer.<\/p><p>Vous ne pouvez \u00e9galement pas utiliser le contenu de notre site \u00e0 des fins commerciales (autres que celles \u00e9voqu\u00e9es ci-dessous) sans avoir obtenu au pr\u00e9alable de licence de notre part ou bien de la part de nos donneurs de licence.<\/p><p>Si vous utilisez le contenu de notre site sans respecter le pr\u00e9sent article, alors votre droit d\u2019utilisation du site cessera imm\u00e9diatement et vous devrez, \u00e0 notre choix, soit d\u00e9truire, soit nous rendre le mat\u00e9riel que vous aurez ainsi r\u00e9alis\u00e9.<\/p><p> <\/p><p><strong>Virus<\/strong><\/p><p>Nous ne garantissons pas que notre site soit exempt de tout virus ou de tout bug informatique. Il est de votre responsabilit\u00e9 de mettre en place votre propre dispositif de protection anti-virus. Il vous est interdit de sciemment introduire des virus, ou bien des trojans ou tout autre mat\u00e9riel qui pourrait porter atteinte \u00e0 notre site internet. De m\u00eame, il vous est interdit d\u2019essayer d\u2019obtenir un acc\u00e8s non-autoris\u00e9 \u00e0 notre site internet.<\/p><p> <\/p><p><strong>Garanties<\/strong><\/p><p>L\u2019ensemble de l\u2019information disponible sur le site de ipsumtek.com est fourni par ip sum tek SAS uniquement aux fins de vous renseigner sur ip sum tek SAS de fa\u00e7on g\u00e9n\u00e9rale, et aussi afin de vous renseigner sur tous les biens et services mis en vente par ip sum tek SAS. Cette information est communiqu\u00e9e par ip sum tek SAS de bonne foi et \u00e0 titre d\u2019information et elle doit toujours \u00eatre utilis\u00e9e conform\u00e9ment aux pr\u00e9sentes conditions d\u2019utilisation. Bien que ip sum tek SAS emploie ses meilleurs efforts pour que cette information soit \u00e0 jour, la soci\u00e9t\u00e9 ne garantit pas l\u2019exactitude et la mise \u00e0 jour de cette information et ne garantit pas non plus l\u2019exactitude ni la r\u00e9alit\u00e9 exacte des dessins, symboles, mod\u00e8les 3D. De la m\u00eame fa\u00e7on les images et vid\u00e9os sont non contractuelles et les produits et services livr\u00e9es peuvent diff\u00e9rer l\u00e9g\u00e8rement des dites images et vid\u00e9os.<\/p><p>ip sum tek SAS ne pourra \u00eatre tenu responsable des dommages directs et indirects qui pourraient d\u00e9couler de l\u2019utilisation du site, et notamment le t\u00e9l\u00e9chargement d\u2019informations. <\/p><p> <\/p><p><strong>Lien vers d&rsquo;autres sites<\/strong><\/p><p>ip sum tek SAS ne pourra \u00eatre consid\u00e9r\u00e9 responsable du contenu des sites vers lesquels un lien ou une communication a \u00e9t\u00e9 effectu\u00e9e, ou bien des sites qui contiennent une redirection vers le site de ip sum tek SAS. Dans tous les cas, ip sum tek SAS ne saurait \u00eatre responsable pour d\u2019\u00e9ventuels dommages que vous auriez \u00e0 subir du fait de l\u2019utilisation de ces sites vers lesquels un lien ou une communication a \u00e9t\u00e9 effectu\u00e9e \u00e0 partir du site de ipsumtek.com, ou bien des dommages que vous pourrez subir du fait de l\u2019utilisation de sites contenant une redirection vers le site ipsumtek.com.<\/p><p>Nous nous engageons lors de la r\u00e9alisation de ce lien ou de cette communication \u00e0 ce que le site cible r\u00e9ponde aux bonnes m\u0153urs le jour de la mise en place de ces derniers.<\/p><p> <\/p><p><strong>Protection des donn\u00e9es<\/strong><\/p><p>Veuillez-vous r\u00e9f\u00e9rer \u00e0 notre Politique de Protection des Donn\u00e9es pour toute information portant sur la mani\u00e8re dont nous traitons et utilisons vos donn\u00e9es personnelles.<\/p><p> <\/p><p> <\/p><p>IP SUM TEK SAS<\/p><p>2, Av. du Blanchissage 84000 AVIGNON<\/p><p>RC 883 424 020 &#8211; FR48883424020 &#8211; SIRET 883 424 020 00021 &#8211; NAF 7112B<\/p><p> <\/p><p>\u00a9 ip sum tek SAS &#8211; Le catalogue et le site web demeurent la propri\u00e9t\u00e9 de IP SUM TEK SAS. Toute reproduction, compl\u00e8te ou partielle, est strictement interdite sous peine de poursuites judiciaires.<\/p><p> <\/p>\t\t\t\t\t\t<\/div>\n\t\t\t\t<\/div>\n\t\t\t\t\t<\/div>\n\t\t<\/div>\n\t\t\t\t\t<\/div>\n\t\t<\/section>\n\t\t\t\t<\/div>\n\t\t","protected":false},"excerpt":{"rendered":"<p>Terms of service Conditions G\u00e9n\u00e9rales d&rsquo;Utilisation Presentation These Terms Of Service exist only in French language and any translation is the responsibility of the customer. For a translation, you can get a purely text version of these Terms Of Service by sending us a request by email to contact@ipsumtek.com. Les pr\u00e9sentes Conditions G\u00e9n\u00e9rales d&rsquo;Utilisation (\u00ab [&hellip;]<\/p>\n","protected":false},"author":3,"featured_media":0,"parent":0,"menu_order":0,"comment_status":"closed","ping_status":"closed","template":"","meta":{"_seopress_robots_primary_cat":"","_seopress_titles_title":"","_seopress_titles_desc":"","_seopress_robots_index":"","footnotes":""},"jetpack_sharing_enabled":true,"_links":{"self":[{"href":"https:\/\/www.ipsumtek.com\/fr\/wp-json\/wp\/v2\/pages\/1025"}],"collection":[{"href":"https:\/\/www.ipsumtek.com\/fr\/wp-json\/wp\/v2\/pages"}],"about":[{"href":"https:\/\/www.ipsumtek.com\/fr\/wp-json\/wp\/v2\/types\/page"}],"author":[{"embeddable":true,"href":"https:\/\/www.ipsumtek.com\/fr\/wp-json\/wp\/v2\/users\/3"}],"replies":[{"embeddable":true,"href":"https:\/\/www.ipsumtek.com\/fr\/wp-json\/wp\/v2\/comments?post=1025"}],"version-history":[{"count":3,"href":"https:\/\/www.ipsumtek.com\/fr\/wp-json\/wp\/v2\/pages\/1025\/revisions"}],"predecessor-version":[{"id":2464,"href":"https:\/\/www.ipsumtek.com\/fr\/wp-json\/wp\/v2\/pages\/1025\/revisions\/2464"}],"wp:attachment":[{"href":"https:\/\/www.ipsumtek.com\/fr\/wp-json\/wp\/v2\/media?parent=1025"}],"curies":[{"name":"wp","href":"https:\/\/api.w.org\/{rel}","templated":true}]}}